{"id":141,"date":"2025-04-02T14:53:41","date_gmt":"2025-04-02T12:53:41","guid":{"rendered":"https:\/\/bresse-synergie.fr\/?page_id=141"},"modified":"2026-02-20T11:58:05","modified_gmt":"2026-02-20T10:58:05","slug":"formations-metier","status":"publish","type":"page","link":"https:\/\/bresse-synergie.fr\/index.php\/nos-formations\/formations-metier\/","title":{"rendered":"Formation m\u00e9tier"},"content":{"rendered":"\n\n\n\n\n\n","protected":false},"excerpt":{"rendered":"","protected":false},"author":1,"featured_media":0,"parent":139,"menu_order":0,"comment_status":"closed","ping_status":"closed","template":"full-width","meta":{"saved_in_kubio":true,"footnotes":""},"class_list":["post-141","page","type-page","status-publish","hentry"],"kubio_ai_page_context":{"short_desc":"","purpose":"general"},"yoast_head":"<!-- This site is optimized with the Yoast SEO plugin v27.3 - https:\/\/yoast.com\/product\/yoast-seo-wordpress\/ -->\n<title>Formation m\u00e9tier Bresse Synergie<\/title>\n<meta name=\"description\" content=\"Formation m\u00e9tier : RH, gestion de projet, relation client, r\u00e9seaux sociaux, intelligence artificielle. Formations techniques Bresse Synergie.\" \/>\n<meta name=\"robots\" content=\"index, follow, max-snippet:-1, max-image-preview:large, max-video-preview:-1\" \/>\n<link rel=\"canonical\" href=\"https:\/\/bresse-synergie.fr\/index.php\/nos-formations\/formations-metier\/\" \/>\n<meta property=\"og:locale\" content=\"fr_FR\" \/>\n<meta property=\"og:type\" content=\"article\" \/>\n<meta property=\"og:title\" content=\"Formation m\u00e9tier Bresse Synergie\" \/>\n<meta property=\"og:description\" content=\"Formation m\u00e9tier : RH, gestion de projet, relation client, r\u00e9seaux sociaux, intelligence artificielle. Formations techniques Bresse Synergie.\" \/>\n<meta property=\"og:url\" content=\"https:\/\/bresse-synergie.fr\/index.php\/nos-formations\/formations-metier\/\" \/>\n<meta property=\"og:site_name\" content=\"Bresse Synergie\" \/>\n<meta property=\"article:publisher\" content=\"https:\/\/www.facebook.com\/profile.php?id=61576319257615\" \/>\n<meta property=\"article:modified_time\" content=\"2026-02-20T10:58:05+00:00\" \/>\n<meta property=\"og:image\" content=\"https:\/\/bresse-synergie.fr\/wp-content\/uploads\/2025\/04\/LOGO-VALIDE.jpg\" \/>\n\t<meta property=\"og:image:width\" content=\"1309\" \/>\n\t<meta property=\"og:image:height\" content=\"1908\" \/>\n\t<meta property=\"og:image:type\" content=\"image\/jpeg\" \/>\n<meta name=\"twitter:card\" content=\"summary_large_image\" \/>\n<script type=\"application\/ld+json\" class=\"yoast-schema-graph\">{\"@context\":\"https:\\\/\\\/schema.org\",\"@graph\":[{\"@type\":\"WebPage\",\"@id\":\"https:\\\/\\\/bresse-synergie.fr\\\/index.php\\\/nos-formations\\\/formations-metier\\\/\",\"url\":\"https:\\\/\\\/bresse-synergie.fr\\\/index.php\\\/nos-formations\\\/formations-metier\\\/\",\"name\":\"Formation m\u00e9tier Bresse Synergie\",\"isPartOf\":{\"@id\":\"https:\\\/\\\/bresse-synergie.fr\\\/#website\"},\"datePublished\":\"2025-04-02T12:53:41+00:00\",\"dateModified\":\"2026-02-20T10:58:05+00:00\",\"description\":\"Formation m\u00e9tier : RH, gestion de projet, relation client, r\u00e9seaux sociaux, intelligence artificielle. Formations techniques Bresse Synergie.\",\"breadcrumb\":{\"@id\":\"https:\\\/\\\/bresse-synergie.fr\\\/index.php\\\/nos-formations\\\/formations-metier\\\/#breadcrumb\"},\"inLanguage\":\"fr-FR\",\"potentialAction\":[{\"@type\":\"ReadAction\",\"target\":[\"https:\\\/\\\/bresse-synergie.fr\\\/index.php\\\/nos-formations\\\/formations-metier\\\/\"]}]},{\"@type\":\"BreadcrumbList\",\"@id\":\"https:\\\/\\\/bresse-synergie.fr\\\/index.php\\\/nos-formations\\\/formations-metier\\\/#breadcrumb\",\"itemListElement\":[{\"@type\":\"ListItem\",\"position\":1,\"name\":\"Accueil\",\"item\":\"https:\\\/\\\/bresse-synergie.fr\\\/\"},{\"@type\":\"ListItem\",\"position\":2,\"name\":\"Nos formations\",\"item\":\"https:\\\/\\\/bresse-synergie.fr\\\/index.php\\\/nos-formations\\\/\"},{\"@type\":\"ListItem\",\"position\":3,\"name\":\"Formation m\u00e9tier\"}]},{\"@type\":\"WebSite\",\"@id\":\"https:\\\/\\\/bresse-synergie.fr\\\/#website\",\"url\":\"https:\\\/\\\/bresse-synergie.fr\\\/\",\"name\":\"Bresse Synergie\",\"description\":\"Collectif d entreprises pour faciliter la formation en Bresse du Nord\",\"publisher\":{\"@id\":\"https:\\\/\\\/bresse-synergie.fr\\\/#organization\"},\"potentialAction\":[{\"@type\":\"SearchAction\",\"target\":{\"@type\":\"EntryPoint\",\"urlTemplate\":\"https:\\\/\\\/bresse-synergie.fr\\\/?s={search_term_string}\"},\"query-input\":{\"@type\":\"PropertyValueSpecification\",\"valueRequired\":true,\"valueName\":\"search_term_string\"}}],\"inLanguage\":\"fr-FR\"},{\"@type\":\"Organization\",\"@id\":\"https:\\\/\\\/bresse-synergie.fr\\\/#organization\",\"name\":\"Bresse Synergie\",\"url\":\"https:\\\/\\\/bresse-synergie.fr\\\/\",\"logo\":{\"@type\":\"ImageObject\",\"inLanguage\":\"fr-FR\",\"@id\":\"https:\\\/\\\/bresse-synergie.fr\\\/#\\\/schema\\\/logo\\\/image\\\/\",\"url\":\"https:\\\/\\\/bresse-synergie.fr\\\/wp-content\\\/uploads\\\/2025\\\/04\\\/cropped-LOGO.jpg\",\"contentUrl\":\"https:\\\/\\\/bresse-synergie.fr\\\/wp-content\\\/uploads\\\/2025\\\/04\\\/cropped-LOGO.jpg\",\"width\":1022,\"height\":1022,\"caption\":\"Bresse Synergie\"},\"image\":{\"@id\":\"https:\\\/\\\/bresse-synergie.fr\\\/#\\\/schema\\\/logo\\\/image\\\/\"},\"sameAs\":[\"https:\\\/\\\/www.facebook.com\\\/profile.php?id=61576319257615\",\"https:\\\/\\\/www.linkedin.com\\\/company\\\/bresse-synergie\\\/\"]}]}<\/script>\n<!-- \/ Yoast SEO plugin. -->","yoast_head_json":{"title":"Formation m\u00e9tier Bresse Synergie","description":"Formation m\u00e9tier : RH, gestion de projet, relation client, r\u00e9seaux sociaux, intelligence artificielle. Formations techniques Bresse Synergie.","robots":{"index":"index","follow":"follow","max-snippet":"max-snippet:-1","max-image-preview":"max-image-preview:large","max-video-preview":"max-video-preview:-1"},"canonical":"https:\/\/bresse-synergie.fr\/index.php\/nos-formations\/formations-metier\/","og_locale":"fr_FR","og_type":"article","og_title":"Formation m\u00e9tier Bresse Synergie","og_description":"Formation m\u00e9tier : RH, gestion de projet, relation client, r\u00e9seaux sociaux, intelligence artificielle. Formations techniques Bresse Synergie.","og_url":"https:\/\/bresse-synergie.fr\/index.php\/nos-formations\/formations-metier\/","og_site_name":"Bresse Synergie","article_publisher":"https:\/\/www.facebook.com\/profile.php?id=61576319257615","article_modified_time":"2026-02-20T10:58:05+00:00","og_image":[{"width":1309,"height":1908,"url":"https:\/\/bresse-synergie.fr\/wp-content\/uploads\/2025\/04\/LOGO-VALIDE.jpg","type":"image\/jpeg"}],"twitter_card":"summary_large_image","schema":{"@context":"https:\/\/schema.org","@graph":[{"@type":"WebPage","@id":"https:\/\/bresse-synergie.fr\/index.php\/nos-formations\/formations-metier\/","url":"https:\/\/bresse-synergie.fr\/index.php\/nos-formations\/formations-metier\/","name":"Formation m\u00e9tier Bresse Synergie","isPartOf":{"@id":"https:\/\/bresse-synergie.fr\/#website"},"datePublished":"2025-04-02T12:53:41+00:00","dateModified":"2026-02-20T10:58:05+00:00","description":"Formation m\u00e9tier : RH, gestion de projet, relation client, r\u00e9seaux sociaux, intelligence artificielle. Formations techniques Bresse Synergie.","breadcrumb":{"@id":"https:\/\/bresse-synergie.fr\/index.php\/nos-formations\/formations-metier\/#breadcrumb"},"inLanguage":"fr-FR","potentialAction":[{"@type":"ReadAction","target":["https:\/\/bresse-synergie.fr\/index.php\/nos-formations\/formations-metier\/"]}]},{"@type":"BreadcrumbList","@id":"https:\/\/bresse-synergie.fr\/index.php\/nos-formations\/formations-metier\/#breadcrumb","itemListElement":[{"@type":"ListItem","position":1,"name":"Accueil","item":"https:\/\/bresse-synergie.fr\/"},{"@type":"ListItem","position":2,"name":"Nos formations","item":"https:\/\/bresse-synergie.fr\/index.php\/nos-formations\/"},{"@type":"ListItem","position":3,"name":"Formation m\u00e9tier"}]},{"@type":"WebSite","@id":"https:\/\/bresse-synergie.fr\/#website","url":"https:\/\/bresse-synergie.fr\/","name":"Bresse Synergie","description":"Collectif d entreprises pour faciliter la formation en Bresse du Nord","publisher":{"@id":"https:\/\/bresse-synergie.fr\/#organization"},"potentialAction":[{"@type":"SearchAction","target":{"@type":"EntryPoint","urlTemplate":"https:\/\/bresse-synergie.fr\/?s={search_term_string}"},"query-input":{"@type":"PropertyValueSpecification","valueRequired":true,"valueName":"search_term_string"}}],"inLanguage":"fr-FR"},{"@type":"Organization","@id":"https:\/\/bresse-synergie.fr\/#organization","name":"Bresse Synergie","url":"https:\/\/bresse-synergie.fr\/","logo":{"@type":"ImageObject","inLanguage":"fr-FR","@id":"https:\/\/bresse-synergie.fr\/#\/schema\/logo\/image\/","url":"https:\/\/bresse-synergie.fr\/wp-content\/uploads\/2025\/04\/cropped-LOGO.jpg","contentUrl":"https:\/\/bresse-synergie.fr\/wp-content\/uploads\/2025\/04\/cropped-LOGO.jpg","width":1022,"height":1022,"caption":"Bresse Synergie"},"image":{"@id":"https:\/\/bresse-synergie.fr\/#\/schema\/logo\/image\/"},"sameAs":["https:\/\/www.facebook.com\/profile.php?id=61576319257615","https:\/\/www.linkedin.com\/company\/bresse-synergie\/"]}]}},"_links":{"self":[{"href":"https:\/\/bresse-synergie.fr\/index.php\/wp-json\/wp\/v2\/pages\/141","targetHints":{"allow":["GET"]}}],"collection":[{"href":"https:\/\/bresse-synergie.fr\/index.php\/wp-json\/wp\/v2\/pages"}],"about":[{"href":"https:\/\/bresse-synergie.fr\/index.php\/wp-json\/wp\/v2\/types\/page"}],"author":[{"embeddable":true,"href":"https:\/\/bresse-synergie.fr\/index.php\/wp-json\/wp\/v2\/users\/1"}],"replies":[{"embeddable":true,"href":"https:\/\/bresse-synergie.fr\/index.php\/wp-json\/wp\/v2\/comments?post=141"}],"version-history":[{"count":21,"href":"https:\/\/bresse-synergie.fr\/index.php\/wp-json\/wp\/v2\/pages\/141\/revisions"}],"predecessor-version":[{"id":648,"href":"https:\/\/bresse-synergie.fr\/index.php\/wp-json\/wp\/v2\/pages\/141\/revisions\/648"}],"up":[{"embeddable":true,"href":"https:\/\/bresse-synergie.fr\/index.php\/wp-json\/wp\/v2\/pages\/139"}],"wp:attachment":[{"href":"https:\/\/bresse-synergie.fr\/index.php\/wp-json\/wp\/v2\/media?parent=141"}],"curies":[{"name":"wp","href":"https:\/\/api.w.org\/{rel}","templated":true}]}}