{"id":344,"date":"2025-04-10T14:46:46","date_gmt":"2025-04-10T12:46:46","guid":{"rendered":"https:\/\/bresse-synergie.fr\/?page_id=344"},"modified":"2026-02-04T16:09:34","modified_gmt":"2026-02-04T15:09:34","slug":"les-entreprises-partenaires-2","status":"publish","type":"page","link":"https:\/\/bresse-synergie.fr\/index.php\/les-entreprises-partenaires-2\/","title":{"rendered":"Les entreprises partenaires"},"content":{"rendered":"\n\n\n\n","protected":false},"excerpt":{"rendered":"","protected":false},"author":1,"featured_media":0,"parent":0,"menu_order":0,"comment_status":"closed","ping_status":"closed","template":"full-width","meta":{"saved_in_kubio":true,"footnotes":""},"class_list":["post-344","page","type-page","status-publish","hentry"],"kubio_ai_page_context":{"short_desc":"","purpose":"general"},"yoast_head":"<!-- This site is optimized with the Yoast SEO plugin v27.3 - https:\/\/yoast.com\/product\/yoast-seo-wordpress\/ -->\n<title>Formations Bresse Synergie<\/title>\n<meta name=\"description\" content=\"Formations Bresse Synergie : r\u00e9glementaires, techniques et m\u00e9tiers, management. Offres mutualis\u00e9es sur le territoire, pas cher et facile.\" \/>\n<meta name=\"robots\" content=\"index, follow, max-snippet:-1, max-image-preview:large, max-video-preview:-1\" \/>\n<link rel=\"canonical\" href=\"https:\/\/bresse-synergie.fr\/index.php\/les-entreprises-partenaires-2\/\" \/>\n<meta property=\"og:locale\" content=\"fr_FR\" \/>\n<meta property=\"og:type\" content=\"article\" \/>\n<meta property=\"og:title\" content=\"Formations Bresse Synergie\" \/>\n<meta property=\"og:description\" content=\"Formations Bresse Synergie : r\u00e9glementaires, techniques et m\u00e9tiers, management. Offres mutualis\u00e9es sur le territoire, pas cher et facile.\" \/>\n<meta property=\"og:url\" content=\"https:\/\/bresse-synergie.fr\/index.php\/les-entreprises-partenaires-2\/\" \/>\n<meta property=\"og:site_name\" content=\"Bresse Synergie\" \/>\n<meta property=\"article:publisher\" content=\"https:\/\/www.facebook.com\/profile.php?id=61576319257615\" \/>\n<meta property=\"article:modified_time\" content=\"2026-02-04T15:09:34+00:00\" \/>\n<meta property=\"og:image\" content=\"https:\/\/bresse-synergie.fr\/wp-content\/uploads\/2026\/02\/Bresse-Services-Emploi.png\" \/>\n<meta name=\"twitter:card\" content=\"summary_large_image\" \/>\n<meta name=\"twitter:label1\" content=\"Dur\u00e9e de lecture estim\u00e9e\" \/>\n\t<meta name=\"twitter:data1\" content=\"2 minutes\" \/>\n<script type=\"application\/ld+json\" class=\"yoast-schema-graph\">{\"@context\":\"https:\\\/\\\/schema.org\",\"@graph\":[{\"@type\":\"WebPage\",\"@id\":\"https:\\\/\\\/bresse-synergie.fr\\\/index.php\\\/les-entreprises-partenaires-2\\\/\",\"url\":\"https:\\\/\\\/bresse-synergie.fr\\\/index.php\\\/les-entreprises-partenaires-2\\\/\",\"name\":\"Formations Bresse Synergie\",\"isPartOf\":{\"@id\":\"https:\\\/\\\/bresse-synergie.fr\\\/#website\"},\"primaryImageOfPage\":{\"@id\":\"https:\\\/\\\/bresse-synergie.fr\\\/index.php\\\/les-entreprises-partenaires-2\\\/#primaryimage\"},\"image\":{\"@id\":\"https:\\\/\\\/bresse-synergie.fr\\\/index.php\\\/les-entreprises-partenaires-2\\\/#primaryimage\"},\"thumbnailUrl\":\"https:\\\/\\\/bresse-synergie.fr\\\/wp-content\\\/uploads\\\/2026\\\/02\\\/Bresse-Services-Emploi.png\",\"datePublished\":\"2025-04-10T12:46:46+00:00\",\"dateModified\":\"2026-02-04T15:09:34+00:00\",\"description\":\"Formations Bresse Synergie : r\u00e9glementaires, techniques et m\u00e9tiers, management. Offres mutualis\u00e9es sur le territoire, pas cher et facile.\",\"breadcrumb\":{\"@id\":\"https:\\\/\\\/bresse-synergie.fr\\\/index.php\\\/les-entreprises-partenaires-2\\\/#breadcrumb\"},\"inLanguage\":\"fr-FR\",\"potentialAction\":[{\"@type\":\"ReadAction\",\"target\":[\"https:\\\/\\\/bresse-synergie.fr\\\/index.php\\\/les-entreprises-partenaires-2\\\/\"]}]},{\"@type\":\"ImageObject\",\"inLanguage\":\"fr-FR\",\"@id\":\"https:\\\/\\\/bresse-synergie.fr\\\/index.php\\\/les-entreprises-partenaires-2\\\/#primaryimage\",\"url\":\"https:\\\/\\\/bresse-synergie.fr\\\/wp-content\\\/uploads\\\/2026\\\/02\\\/Bresse-Services-Emploi.png\",\"contentUrl\":\"https:\\\/\\\/bresse-synergie.fr\\\/wp-content\\\/uploads\\\/2026\\\/02\\\/Bresse-Services-Emploi.png\",\"width\":275,\"height\":183},{\"@type\":\"BreadcrumbList\",\"@id\":\"https:\\\/\\\/bresse-synergie.fr\\\/index.php\\\/les-entreprises-partenaires-2\\\/#breadcrumb\",\"itemListElement\":[{\"@type\":\"ListItem\",\"position\":1,\"name\":\"Accueil\",\"item\":\"https:\\\/\\\/bresse-synergie.fr\\\/\"},{\"@type\":\"ListItem\",\"position\":2,\"name\":\"Les entreprises partenaires\"}]},{\"@type\":\"WebSite\",\"@id\":\"https:\\\/\\\/bresse-synergie.fr\\\/#website\",\"url\":\"https:\\\/\\\/bresse-synergie.fr\\\/\",\"name\":\"Bresse Synergie\",\"description\":\"Collectif d entreprises pour faciliter la formation en Bresse du Nord\",\"publisher\":{\"@id\":\"https:\\\/\\\/bresse-synergie.fr\\\/#organization\"},\"potentialAction\":[{\"@type\":\"SearchAction\",\"target\":{\"@type\":\"EntryPoint\",\"urlTemplate\":\"https:\\\/\\\/bresse-synergie.fr\\\/?s={search_term_string}\"},\"query-input\":{\"@type\":\"PropertyValueSpecification\",\"valueRequired\":true,\"valueName\":\"search_term_string\"}}],\"inLanguage\":\"fr-FR\"},{\"@type\":\"Organization\",\"@id\":\"https:\\\/\\\/bresse-synergie.fr\\\/#organization\",\"name\":\"Bresse Synergie\",\"url\":\"https:\\\/\\\/bresse-synergie.fr\\\/\",\"logo\":{\"@type\":\"ImageObject\",\"inLanguage\":\"fr-FR\",\"@id\":\"https:\\\/\\\/bresse-synergie.fr\\\/#\\\/schema\\\/logo\\\/image\\\/\",\"url\":\"https:\\\/\\\/bresse-synergie.fr\\\/wp-content\\\/uploads\\\/2025\\\/04\\\/cropped-LOGO.jpg\",\"contentUrl\":\"https:\\\/\\\/bresse-synergie.fr\\\/wp-content\\\/uploads\\\/2025\\\/04\\\/cropped-LOGO.jpg\",\"width\":1022,\"height\":1022,\"caption\":\"Bresse Synergie\"},\"image\":{\"@id\":\"https:\\\/\\\/bresse-synergie.fr\\\/#\\\/schema\\\/logo\\\/image\\\/\"},\"sameAs\":[\"https:\\\/\\\/www.facebook.com\\\/profile.php?id=61576319257615\",\"https:\\\/\\\/www.linkedin.com\\\/company\\\/bresse-synergie\\\/\"]}]}<\/script>\n<!-- \/ Yoast SEO plugin. -->","yoast_head_json":{"title":"Formations Bresse Synergie","description":"Formations Bresse Synergie : r\u00e9glementaires, techniques et m\u00e9tiers, management. Offres mutualis\u00e9es sur le territoire, pas cher et facile.","robots":{"index":"index","follow":"follow","max-snippet":"max-snippet:-1","max-image-preview":"max-image-preview:large","max-video-preview":"max-video-preview:-1"},"canonical":"https:\/\/bresse-synergie.fr\/index.php\/les-entreprises-partenaires-2\/","og_locale":"fr_FR","og_type":"article","og_title":"Formations Bresse Synergie","og_description":"Formations Bresse Synergie : r\u00e9glementaires, techniques et m\u00e9tiers, management. Offres mutualis\u00e9es sur le territoire, pas cher et facile.","og_url":"https:\/\/bresse-synergie.fr\/index.php\/les-entreprises-partenaires-2\/","og_site_name":"Bresse Synergie","article_publisher":"https:\/\/www.facebook.com\/profile.php?id=61576319257615","article_modified_time":"2026-02-04T15:09:34+00:00","og_image":[{"url":"https:\/\/bresse-synergie.fr\/wp-content\/uploads\/2026\/02\/Bresse-Services-Emploi.png","type":"","width":"","height":""}],"twitter_card":"summary_large_image","twitter_misc":{"Dur\u00e9e de lecture estim\u00e9e":"2 minutes"},"schema":{"@context":"https:\/\/schema.org","@graph":[{"@type":"WebPage","@id":"https:\/\/bresse-synergie.fr\/index.php\/les-entreprises-partenaires-2\/","url":"https:\/\/bresse-synergie.fr\/index.php\/les-entreprises-partenaires-2\/","name":"Formations Bresse Synergie","isPartOf":{"@id":"https:\/\/bresse-synergie.fr\/#website"},"primaryImageOfPage":{"@id":"https:\/\/bresse-synergie.fr\/index.php\/les-entreprises-partenaires-2\/#primaryimage"},"image":{"@id":"https:\/\/bresse-synergie.fr\/index.php\/les-entreprises-partenaires-2\/#primaryimage"},"thumbnailUrl":"https:\/\/bresse-synergie.fr\/wp-content\/uploads\/2026\/02\/Bresse-Services-Emploi.png","datePublished":"2025-04-10T12:46:46+00:00","dateModified":"2026-02-04T15:09:34+00:00","description":"Formations Bresse Synergie : r\u00e9glementaires, techniques et m\u00e9tiers, management. Offres mutualis\u00e9es sur le territoire, pas cher et facile.","breadcrumb":{"@id":"https:\/\/bresse-synergie.fr\/index.php\/les-entreprises-partenaires-2\/#breadcrumb"},"inLanguage":"fr-FR","potentialAction":[{"@type":"ReadAction","target":["https:\/\/bresse-synergie.fr\/index.php\/les-entreprises-partenaires-2\/"]}]},{"@type":"ImageObject","inLanguage":"fr-FR","@id":"https:\/\/bresse-synergie.fr\/index.php\/les-entreprises-partenaires-2\/#primaryimage","url":"https:\/\/bresse-synergie.fr\/wp-content\/uploads\/2026\/02\/Bresse-Services-Emploi.png","contentUrl":"https:\/\/bresse-synergie.fr\/wp-content\/uploads\/2026\/02\/Bresse-Services-Emploi.png","width":275,"height":183},{"@type":"BreadcrumbList","@id":"https:\/\/bresse-synergie.fr\/index.php\/les-entreprises-partenaires-2\/#breadcrumb","itemListElement":[{"@type":"ListItem","position":1,"name":"Accueil","item":"https:\/\/bresse-synergie.fr\/"},{"@type":"ListItem","position":2,"name":"Les entreprises partenaires"}]},{"@type":"WebSite","@id":"https:\/\/bresse-synergie.fr\/#website","url":"https:\/\/bresse-synergie.fr\/","name":"Bresse Synergie","description":"Collectif d entreprises pour faciliter la formation en Bresse du Nord","publisher":{"@id":"https:\/\/bresse-synergie.fr\/#organization"},"potentialAction":[{"@type":"SearchAction","target":{"@type":"EntryPoint","urlTemplate":"https:\/\/bresse-synergie.fr\/?s={search_term_string}"},"query-input":{"@type":"PropertyValueSpecification","valueRequired":true,"valueName":"search_term_string"}}],"inLanguage":"fr-FR"},{"@type":"Organization","@id":"https:\/\/bresse-synergie.fr\/#organization","name":"Bresse Synergie","url":"https:\/\/bresse-synergie.fr\/","logo":{"@type":"ImageObject","inLanguage":"fr-FR","@id":"https:\/\/bresse-synergie.fr\/#\/schema\/logo\/image\/","url":"https:\/\/bresse-synergie.fr\/wp-content\/uploads\/2025\/04\/cropped-LOGO.jpg","contentUrl":"https:\/\/bresse-synergie.fr\/wp-content\/uploads\/2025\/04\/cropped-LOGO.jpg","width":1022,"height":1022,"caption":"Bresse Synergie"},"image":{"@id":"https:\/\/bresse-synergie.fr\/#\/schema\/logo\/image\/"},"sameAs":["https:\/\/www.facebook.com\/profile.php?id=61576319257615","https:\/\/www.linkedin.com\/company\/bresse-synergie\/"]}]}},"_links":{"self":[{"href":"https:\/\/bresse-synergie.fr\/index.php\/wp-json\/wp\/v2\/pages\/344","targetHints":{"allow":["GET"]}}],"collection":[{"href":"https:\/\/bresse-synergie.fr\/index.php\/wp-json\/wp\/v2\/pages"}],"about":[{"href":"https:\/\/bresse-synergie.fr\/index.php\/wp-json\/wp\/v2\/types\/page"}],"author":[{"embeddable":true,"href":"https:\/\/bresse-synergie.fr\/index.php\/wp-json\/wp\/v2\/users\/1"}],"replies":[{"embeddable":true,"href":"https:\/\/bresse-synergie.fr\/index.php\/wp-json\/wp\/v2\/comments?post=344"}],"version-history":[{"count":16,"href":"https:\/\/bresse-synergie.fr\/index.php\/wp-json\/wp\/v2\/pages\/344\/revisions"}],"predecessor-version":[{"id":638,"href":"https:\/\/bresse-synergie.fr\/index.php\/wp-json\/wp\/v2\/pages\/344\/revisions\/638"}],"wp:attachment":[{"href":"https:\/\/bresse-synergie.fr\/index.php\/wp-json\/wp\/v2\/media?parent=344"}],"curies":[{"name":"wp","href":"https:\/\/api.w.org\/{rel}","templated":true}]}}